{"id":1038,"date":"2021-02-12T13:11:27","date_gmt":"2021-02-12T12:11:27","guid":{"rendered":"https:\/\/demop.netbaz.be\/2021\/rija\/?page_id=1038"},"modified":"2025-12-12T13:19:26","modified_gmt":"2025-12-12T12:19:26","slug":"jazz-station","status":"publish","type":"page","link":"https:\/\/riverjazz.be\/nl\/jazz-station\/","title":{"rendered":"Jazz zender"},"content":{"rendered":"\t\t<div data-elementor-type=\"wp-page\" data-elementor-id=\"1038\" class=\"elementor elementor-1038\" data-elementor-post-type=\"page\">\n\t\t\t\t\t\t<section class=\"elementor-section elementor-top-section elementor-element elementor-element-6c0aae5 elementor-section-stretched elementor-section-content-middle elementor-section-boxed elementor-section-height-default elementor-section-height-default\" data-id=\"6c0aae5\" data-element_type=\"section\" data-e-type=\"section\" data-settings=\"{&quot;stretch_section&quot;:&quot;section-stretched&quot;,&quot;background_background&quot;:&quot;classic&quot;}\">\n\t\t\t\t\t\t<div class=\"elementor-container elementor-column-gap-default\">\n\t\t\t\t\t<div class=\"elementor-column elementor-col-50 elementor-top-column elementor-element elementor-element-7e5e4ca0\" data-id=\"7e5e4ca0\" data-element_type=\"column\" data-e-type=\"column\">\n\t\t\t<div class=\"elementor-widget-wrap elementor-element-populated\">\n\t\t\t\t\t\t<div class=\"elementor-element elementor-element-4ea17f8 elementor-widget__width-initial elementor-widget elementor-widget-image\" data-id=\"4ea17f8\" data-element_type=\"widget\" data-e-type=\"widget\" data-widget_type=\"image.default\">\n\t\t\t\t<div class=\"elementor-widget-container\">\n\t\t\t\t\t\t\t\t\t\t\t\t\t\t\t<img fetchpriority=\"high\" decoding=\"async\" width=\"800\" height=\"534\" src=\"https:\/\/riverjazz.be\/wp-content\/uploads\/2025\/12\/MG_8175-1024x683.jpg\" class=\"attachment-large size-large wp-image-5891\" alt=\"\" srcset=\"https:\/\/riverjazz.be\/wp-content\/uploads\/2025\/12\/MG_8175-1024x683.jpg 1024w, https:\/\/riverjazz.be\/wp-content\/uploads\/2025\/12\/MG_8175-300x200.jpg 300w, https:\/\/riverjazz.be\/wp-content\/uploads\/2025\/12\/MG_8175-768x512.jpg 768w, https:\/\/riverjazz.be\/wp-content\/uploads\/2025\/12\/MG_8175-1536x1024.jpg 1536w, https:\/\/riverjazz.be\/wp-content\/uploads\/2025\/12\/MG_8175-18x12.jpg 18w, https:\/\/riverjazz.be\/wp-content\/uploads\/2025\/12\/MG_8175.jpg 1920w\" sizes=\"(max-width: 800px) 100vw, 800px\" \/>\t\t\t\t\t\t\t\t\t\t\t\t\t\t\t<\/div>\n\t\t\t\t<\/div>\n\t\t\t\t\t<\/div>\n\t\t<\/div>\n\t\t\t\t<div class=\"elementor-column elementor-col-50 elementor-top-column elementor-element elementor-element-5614f427\" data-id=\"5614f427\" data-element_type=\"column\" data-e-type=\"column\">\n\t\t\t<div class=\"elementor-widget-wrap elementor-element-populated\">\n\t\t\t\t\t\t<div class=\"elementor-element elementor-element-134cfa50 elementor-widget__width-initial elementor-absolute elementor-widget elementor-widget-image\" data-id=\"134cfa50\" data-element_type=\"widget\" data-e-type=\"widget\" data-settings=\"{&quot;motion_fx_motion_fx_scrolling&quot;:&quot;yes&quot;,&quot;motion_fx_translateY_effect&quot;:&quot;yes&quot;,&quot;_position&quot;:&quot;absolute&quot;,&quot;motion_fx_translateY_speed&quot;:{&quot;unit&quot;:&quot;px&quot;,&quot;size&quot;:4,&quot;sizes&quot;:[]},&quot;motion_fx_translateY_affectedRange&quot;:{&quot;unit&quot;:&quot;%&quot;,&quot;size&quot;:&quot;&quot;,&quot;sizes&quot;:{&quot;start&quot;:0,&quot;end&quot;:100}},&quot;motion_fx_devices&quot;:[&quot;desktop&quot;,&quot;tablet&quot;,&quot;mobile&quot;]}\" data-widget_type=\"image.default\">\n\t\t\t\t<div class=\"elementor-widget-container\">\n\t\t\t\t\t\t\t\t\t\t\t\t\t\t\t<img decoding=\"async\" width=\"800\" height=\"800\" src=\"https:\/\/riverjazz.be\/wp-content\/uploads\/2021\/08\/mongolfiere-1-1.svg\" class=\"attachment-large size-large wp-image-2043\" alt=\"\" \/>\t\t\t\t\t\t\t\t\t\t\t\t\t\t\t<\/div>\n\t\t\t\t<\/div>\n\t\t\t\t<div class=\"elementor-element elementor-element-67f4d08 elementor-widget elementor-widget-ucaddon_dual_color_heading\" data-id=\"67f4d08\" data-element_type=\"widget\" data-e-type=\"widget\" data-widget_type=\"ucaddon_dual_color_heading.default\">\n\t\t\t\t<div class=\"elementor-widget-container\">\n\t\t\t\t\t\n<!-- start Dual Color Heading -->\n\n<div style=\"text-align:left;\">\n  <h1>\n    <span class=\"ue-title-one\">Lieu<br\/><\/span> <span class=\"ue-title-two\">Jazz station<\/span>\n  <\/h1>\n<\/div>\n<!-- end Dual Color Heading -->\t\t\t\t<\/div>\n\t\t\t\t<\/div>\n\t\t\t\t<div class=\"elementor-element elementor-element-18fc26d8 elementor-widget elementor-widget-text-editor\" data-id=\"18fc26d8\" data-element_type=\"widget\" data-e-type=\"widget\" data-settings=\"{&quot;_animation_mobile&quot;:&quot;none&quot;}\" data-widget_type=\"text-editor.default\">\n\t\t\t\t<div class=\"elementor-widget-container\">\n\t\t\t\t\t\t\t\t\t<p>Nich\u00e9e dans une ancienne gare, la Jazz Station est bien plus qu\u2019un club. C\u2019est un lieu en perp\u00e9tuel mouvement, o\u00f9 le jazz se d\u00e9cloisonne, s\u2019invente, se partage. Concerts, expos, r\u00e9sidences, workshops, activit\u00e9s pour petit\u00b7es et grand\u00b7es : ici, la musique est au c\u0153ur de tout. Depuis 20 ans, on y vient pour \u00e9couter, vibrer, d\u00e9couvrir. Bienvenue dans une maison o\u00f9 le jazz est plus vivant que jamais.<\/p>\t\t\t\t\t\t\t\t<\/div>\n\t\t\t\t<\/div>\n\t\t\t\t\t<\/div>\n\t\t<\/div>\n\t\t\t\t\t<\/div>\n\t\t<\/section>\n\t\t\t\t<section class=\"elementor-section elementor-top-section elementor-element elementor-element-7684ca75 elementor-section-content-middle elementor-section-boxed elementor-section-height-default elementor-section-height-default\" data-id=\"7684ca75\" data-element_type=\"section\" data-e-type=\"section\" data-settings=\"{&quot;background_background&quot;:&quot;classic&quot;}\">\n\t\t\t\t\t\t<div class=\"elementor-container elementor-column-gap-no\">\n\t\t\t\t\t<div class=\"elementor-column elementor-col-50 elementor-top-column elementor-element elementor-element-67062b73\" data-id=\"67062b73\" data-element_type=\"column\" data-e-type=\"column\">\n\t\t\t<div class=\"elementor-widget-wrap elementor-element-populated\">\n\t\t\t\t\t\t<div data-dce-title-color=\"#ffffff\" class=\"elementor-element elementor-element-27daf2c7 elementor-widget elementor-widget-heading\" data-id=\"27daf2c7\" data-element_type=\"widget\" data-e-type=\"widget\" data-widget_type=\"heading.default\">\n\t\t\t\t<div class=\"elementor-widget-container\">\n\t\t\t\t\t<h2 class=\"elementor-heading-title elementor-size-default\">Notre site internet<\/h2>\t\t\t\t<\/div>\n\t\t\t\t<\/div>\n\t\t\t\t\t<\/div>\n\t\t<\/div>\n\t\t\t\t<div class=\"elementor-column elementor-col-50 elementor-top-column elementor-element elementor-element-77bfc298\" data-id=\"77bfc298\" data-element_type=\"column\" data-e-type=\"column\">\n\t\t\t<div class=\"elementor-widget-wrap elementor-element-populated\">\n\t\t\t\t\t\t<div class=\"elementor-element elementor-element-089357e elementor-align-right elementor-invisible elementor-widget elementor-widget-button\" data-id=\"089357e\" data-element_type=\"widget\" data-e-type=\"widget\" data-settings=\"{&quot;_animation&quot;:&quot;fadeInRight&quot;}\" data-widget_type=\"button.default\">\n\t\t\t\t<div class=\"elementor-widget-container\">\n\t\t\t\t\t\t\t\t\t<div class=\"elementor-button-wrapper\">\n\t\t\t\t\t<a class=\"elementor-button elementor-button-link elementor-size-sm elementor-animation-grow\" href=\"https:\/\/jazzstation.be\" target=\"_blank\" rel=\"noopener noreferrer nofollow\">\n\t\t\t\t\t\t<span class=\"elementor-button-content-wrapper\">\n\t\t\t\t\t\t<span class=\"elementor-button-icon\">\n\t\t\t\t<i aria-hidden=\"true\" class=\"fas fa-arrow-right\"><\/i>\t\t\t<\/span>\n\t\t\t\t\t\t\t\t\t<span class=\"elementor-button-text\">Go<\/span>\n\t\t\t\t\t<\/span>\n\t\t\t\t\t<\/a>\n\t\t\t\t<\/div>\n\t\t\t\t\t\t\t\t<\/div>\n\t\t\t\t<\/div>\n\t\t\t\t\t<\/div>\n\t\t<\/div>\n\t\t\t\t\t<\/div>\n\t\t<\/section>\n\t\t\t\t<section class=\"elementor-section elementor-top-section elementor-element elementor-element-5d50d02e elementor-section-boxed elementor-section-height-default elementor-section-height-default\" data-id=\"5d50d02e\" data-element_type=\"section\" data-e-type=\"section\" data-settings=\"{&quot;background_background&quot;:&quot;classic&quot;}\">\n\t\t\t\t\t\t<div class=\"elementor-container elementor-column-gap-default\">\n\t\t\t\t\t<div class=\"elementor-column elementor-col-50 elementor-top-column elementor-element elementor-element-c98b73a\" data-id=\"c98b73a\" data-element_type=\"column\" data-e-type=\"column\">\n\t\t\t<div class=\"elementor-widget-wrap elementor-element-populated\">\n\t\t\t\t\t\t<div class=\"elementor-element elementor-element-a10b1cf elementor-widget elementor-widget-google_maps\" data-id=\"a10b1cf\" data-element_type=\"widget\" data-e-type=\"widget\" data-settings=\"{&quot;motion_fx_motion_fx_scrolling&quot;:&quot;yes&quot;,&quot;motion_fx_translateY_effect&quot;:&quot;yes&quot;,&quot;motion_fx_translateY_affectedRange&quot;:{&quot;unit&quot;:&quot;%&quot;,&quot;size&quot;:&quot;&quot;,&quot;sizes&quot;:{&quot;start&quot;:0,&quot;end&quot;:50}},&quot;motion_fx_translateY_speed&quot;:{&quot;unit&quot;:&quot;px&quot;,&quot;size&quot;:4,&quot;sizes&quot;:[]},&quot;motion_fx_devices&quot;:[&quot;desktop&quot;,&quot;tablet&quot;,&quot;mobile&quot;]}\" data-widget_type=\"google_maps.default\">\n\t\t\t\t<div class=\"elementor-widget-container\">\n\t\t\t\t\t\t\t<div class=\"elementor-custom-embed\">\n\t\t\t<iframe loading=\"lazy\"\n\t\t\t\t\tsrc=\"https:\/\/maps.google.com\/maps?q=Chauss%C3%A9e%20de%20Louvain%20193A-195%20%20%20%20%201210%20Saint-Josse-ten-Noode&#038;t=m&#038;z=15&#038;output=embed&#038;iwloc=near\"\n\t\t\t\t\ttitle=\"Chauss\u00e9e de Louvain 193A-195     1210 Saint-Josse-ten-Noode\"\n\t\t\t\t\taria-label=\"Chauss\u00e9e de Louvain 193A-195     1210 Saint-Josse-ten-Noode\"\n\t\t\t><\/iframe>\n\t\t<\/div>\n\t\t\t\t\t\t<\/div>\n\t\t\t\t<\/div>\n\t\t\t\t\t<\/div>\n\t\t<\/div>\n\t\t\t\t<div class=\"elementor-column elementor-col-50 elementor-top-column elementor-element elementor-element-d3a2224\" data-id=\"d3a2224\" data-element_type=\"column\" data-e-type=\"column\">\n\t\t\t<div class=\"elementor-widget-wrap elementor-element-populated\">\n\t\t\t\t\t\t<div class=\"elementor-element elementor-element-a2cde5d elementor-widget elementor-widget-text-editor\" data-id=\"a2cde5d\" data-element_type=\"widget\" data-e-type=\"widget\" data-settings=\"{&quot;motion_fx_motion_fx_scrolling&quot;:&quot;yes&quot;,&quot;motion_fx_translateX_effect&quot;:&quot;yes&quot;,&quot;motion_fx_translateX_affectedRange&quot;:{&quot;unit&quot;:&quot;%&quot;,&quot;size&quot;:&quot;&quot;,&quot;sizes&quot;:{&quot;start&quot;:0,&quot;end&quot;:50}},&quot;motion_fx_translateX_speed&quot;:{&quot;unit&quot;:&quot;px&quot;,&quot;size&quot;:4,&quot;sizes&quot;:[]},&quot;motion_fx_devices&quot;:[&quot;desktop&quot;,&quot;tablet&quot;,&quot;mobile&quot;]}\" data-widget_type=\"text-editor.default\">\n\t\t\t\t<div class=\"elementor-widget-container\">\n\t\t\t\t\t\t\t\t\t<p class=\"font_8\"><span class=\"color_23\">Chauss\u00e9e de Louvain 193A-195<br \/><\/span><span class=\"color_23\">1210 Saint-Josse-ten-Noode<\/span><\/p>\t\t\t\t\t\t\t\t<\/div>\n\t\t\t\t<\/div>\n\t\t\t\t\t<\/div>\n\t\t<\/div>\n\t\t\t\t\t<\/div>\n\t\t<\/section>\n\t\t\t\t<\/div>\n\t\t","protected":false},"excerpt":{"rendered":"<p>Lieu Nich\u00e9e dans une ancienne gare, la Jazz Station est bien plus qu\u2019un club. C\u2019est un lieu en perp\u00e9tuel mouvement, o\u00f9 le jazz se d\u00e9cloisonne, s\u2019invente, se partage. Concerts, expos, r\u00e9sidences, workshops, activit\u00e9s pour petit\u00b7es et grand\u00b7es : ici, la musique est au c\u0153ur de tout. Depuis 20 ans, on y vient pour \u00e9couter, vibrer, [&hellip;]<\/p>\n","protected":false},"author":1,"featured_media":5891,"parent":0,"menu_order":2,"comment_status":"closed","ping_status":"closed","template":"elementor_header_footer","meta":{"_acf_changed":false,"footnotes":""},"categories":[25],"tags":[],"class_list":["post-1038","page","type-page","status-publish","has-post-thumbnail","hentry","category-lieux"],"acf":[],"yoast_head":"<!-- This site is optimized with the Yoast SEO plugin v27.3 - https:\/\/yoast.com\/product\/yoast-seo-wordpress\/ -->\n<title>Jazz station - Festival River Jazz<\/title>\n<meta name=\"robots\" content=\"index, follow, max-snippet:-1, max-image-preview:large, max-video-preview:-1\" \/>\n<link rel=\"canonical\" href=\"https:\/\/riverjazz.be\/nl\/jazz-station\/\" \/>\n<meta property=\"og:locale\" content=\"nl_NL\" \/>\n<meta property=\"og:type\" content=\"article\" \/>\n<meta property=\"og:title\" content=\"Jazz station - Festival River Jazz\" \/>\n<meta property=\"og:description\" content=\"Lieu Nich\u00e9e dans une ancienne gare, la Jazz Station est bien plus qu\u2019un club. C\u2019est un lieu en perp\u00e9tuel mouvement, o\u00f9 le jazz se d\u00e9cloisonne, s\u2019invente, se partage. Concerts, expos, r\u00e9sidences, workshops, activit\u00e9s pour petit\u00b7es et grand\u00b7es : ici, la musique est au c\u0153ur de tout. Depuis 20 ans, on y vient pour \u00e9couter, vibrer, [&hellip;]\" \/>\n<meta property=\"og:url\" content=\"https:\/\/riverjazz.be\/nl\/jazz-station\/\" \/>\n<meta property=\"og:site_name\" content=\"Festival River Jazz\" \/>\n<meta property=\"article:modified_time\" content=\"2025-12-12T12:19:26+00:00\" \/>\n<meta property=\"og:image\" content=\"https:\/\/riverjazz.be\/wp-content\/uploads\/2025\/12\/MG_8175.jpg\" \/>\n\t<meta property=\"og:image:width\" content=\"1920\" \/>\n\t<meta property=\"og:image:height\" content=\"1280\" \/>\n\t<meta property=\"og:image:type\" content=\"image\/jpeg\" \/>\n<meta name=\"twitter:card\" content=\"summary_large_image\" \/>\n<meta name=\"twitter:label1\" content=\"Geschatte leestijd\" \/>\n\t<meta name=\"twitter:data1\" content=\"1 minuut\" \/>\n<script type=\"application\/ld+json\" class=\"yoast-schema-graph\">{\"@context\":\"https:\\\/\\\/schema.org\",\"@graph\":[{\"@type\":\"WebPage\",\"@id\":\"https:\\\/\\\/riverjazz.be\\\/jazz-station\\\/\",\"url\":\"https:\\\/\\\/riverjazz.be\\\/jazz-station\\\/\",\"name\":\"Jazz station - Festival River Jazz\",\"isPartOf\":{\"@id\":\"https:\\\/\\\/riverjazz.be\\\/#website\"},\"primaryImageOfPage\":{\"@id\":\"https:\\\/\\\/riverjazz.be\\\/jazz-station\\\/#primaryimage\"},\"image\":{\"@id\":\"https:\\\/\\\/riverjazz.be\\\/jazz-station\\\/#primaryimage\"},\"thumbnailUrl\":\"https:\\\/\\\/riverjazz.be\\\/wp-content\\\/uploads\\\/2025\\\/12\\\/MG_8175.jpg\",\"datePublished\":\"2021-02-12T12:11:27+00:00\",\"dateModified\":\"2025-12-12T12:19:26+00:00\",\"breadcrumb\":{\"@id\":\"https:\\\/\\\/riverjazz.be\\\/jazz-station\\\/#breadcrumb\"},\"inLanguage\":\"nl-NL\",\"potentialAction\":[{\"@type\":\"ReadAction\",\"target\":[\"https:\\\/\\\/riverjazz.be\\\/jazz-station\\\/\"]}]},{\"@type\":\"ImageObject\",\"inLanguage\":\"nl-NL\",\"@id\":\"https:\\\/\\\/riverjazz.be\\\/jazz-station\\\/#primaryimage\",\"url\":\"https:\\\/\\\/riverjazz.be\\\/wp-content\\\/uploads\\\/2025\\\/12\\\/MG_8175.jpg\",\"contentUrl\":\"https:\\\/\\\/riverjazz.be\\\/wp-content\\\/uploads\\\/2025\\\/12\\\/MG_8175.jpg\",\"width\":1920,\"height\":1280},{\"@type\":\"BreadcrumbList\",\"@id\":\"https:\\\/\\\/riverjazz.be\\\/jazz-station\\\/#breadcrumb\",\"itemListElement\":[{\"@type\":\"ListItem\",\"position\":1,\"name\":\"Home\",\"item\":\"https:\\\/\\\/riverjazz.be\\\/\"},{\"@type\":\"ListItem\",\"position\":2,\"name\":\"Jazz station\"}]},{\"@type\":\"WebSite\",\"@id\":\"https:\\\/\\\/riverjazz.be\\\/#website\",\"url\":\"https:\\\/\\\/riverjazz.be\\\/\",\"name\":\"Festival River Jazz\",\"description\":\"\",\"publisher\":{\"@id\":\"https:\\\/\\\/riverjazz.be\\\/#organization\"},\"potentialAction\":[{\"@type\":\"SearchAction\",\"target\":{\"@type\":\"EntryPoint\",\"urlTemplate\":\"https:\\\/\\\/riverjazz.be\\\/?s={search_term_string}\"},\"query-input\":{\"@type\":\"PropertyValueSpecification\",\"valueRequired\":true,\"valueName\":\"search_term_string\"}}],\"inLanguage\":\"nl-NL\"},{\"@type\":\"Organization\",\"@id\":\"https:\\\/\\\/riverjazz.be\\\/#organization\",\"name\":\"Festival River Jazz\",\"url\":\"https:\\\/\\\/riverjazz.be\\\/\",\"logo\":{\"@type\":\"ImageObject\",\"inLanguage\":\"nl-NL\",\"@id\":\"https:\\\/\\\/riverjazz.be\\\/#\\\/schema\\\/logo\\\/image\\\/\",\"url\":\"https:\\\/\\\/riverjazz.be\\\/wp-content\\\/uploads\\\/2021\\\/02\\\/RIVER_Jazz_FESTIVAL_LOGO_transparent.png\",\"contentUrl\":\"https:\\\/\\\/riverjazz.be\\\/wp-content\\\/uploads\\\/2021\\\/02\\\/RIVER_Jazz_FESTIVAL_LOGO_transparent.png\",\"width\":328,\"height\":328,\"caption\":\"Festival River Jazz\"},\"image\":{\"@id\":\"https:\\\/\\\/riverjazz.be\\\/#\\\/schema\\\/logo\\\/image\\\/\"}}]}<\/script>\n<!-- \/ Yoast SEO plugin. -->","yoast_head_json":{"title":"Jazz station - Festival River Jazz","robots":{"index":"index","follow":"follow","max-snippet":"max-snippet:-1","max-image-preview":"max-image-preview:large","max-video-preview":"max-video-preview:-1"},"canonical":"https:\/\/riverjazz.be\/nl\/jazz-station\/","og_locale":"nl_NL","og_type":"article","og_title":"Jazz station - Festival River Jazz","og_description":"Lieu Nich\u00e9e dans une ancienne gare, la Jazz Station est bien plus qu\u2019un club. C\u2019est un lieu en perp\u00e9tuel mouvement, o\u00f9 le jazz se d\u00e9cloisonne, s\u2019invente, se partage. Concerts, expos, r\u00e9sidences, workshops, activit\u00e9s pour petit\u00b7es et grand\u00b7es : ici, la musique est au c\u0153ur de tout. Depuis 20 ans, on y vient pour \u00e9couter, vibrer, [&hellip;]","og_url":"https:\/\/riverjazz.be\/nl\/jazz-station\/","og_site_name":"Festival River Jazz","article_modified_time":"2025-12-12T12:19:26+00:00","og_image":[{"width":1920,"height":1280,"url":"https:\/\/riverjazz.be\/wp-content\/uploads\/2025\/12\/MG_8175.jpg","type":"image\/jpeg"}],"twitter_card":"summary_large_image","twitter_misc":{"Geschatte leestijd":"1 minuut"},"schema":{"@context":"https:\/\/schema.org","@graph":[{"@type":"WebPage","@id":"https:\/\/riverjazz.be\/jazz-station\/","url":"https:\/\/riverjazz.be\/jazz-station\/","name":"Jazz station - Festival River Jazz","isPartOf":{"@id":"https:\/\/riverjazz.be\/#website"},"primaryImageOfPage":{"@id":"https:\/\/riverjazz.be\/jazz-station\/#primaryimage"},"image":{"@id":"https:\/\/riverjazz.be\/jazz-station\/#primaryimage"},"thumbnailUrl":"https:\/\/riverjazz.be\/wp-content\/uploads\/2025\/12\/MG_8175.jpg","datePublished":"2021-02-12T12:11:27+00:00","dateModified":"2025-12-12T12:19:26+00:00","breadcrumb":{"@id":"https:\/\/riverjazz.be\/jazz-station\/#breadcrumb"},"inLanguage":"nl-NL","potentialAction":[{"@type":"ReadAction","target":["https:\/\/riverjazz.be\/jazz-station\/"]}]},{"@type":"ImageObject","inLanguage":"nl-NL","@id":"https:\/\/riverjazz.be\/jazz-station\/#primaryimage","url":"https:\/\/riverjazz.be\/wp-content\/uploads\/2025\/12\/MG_8175.jpg","contentUrl":"https:\/\/riverjazz.be\/wp-content\/uploads\/2025\/12\/MG_8175.jpg","width":1920,"height":1280},{"@type":"BreadcrumbList","@id":"https:\/\/riverjazz.be\/jazz-station\/#breadcrumb","itemListElement":[{"@type":"ListItem","position":1,"name":"Home","item":"https:\/\/riverjazz.be\/"},{"@type":"ListItem","position":2,"name":"Jazz station"}]},{"@type":"WebSite","@id":"https:\/\/riverjazz.be\/#website","url":"https:\/\/riverjazz.be\/","name":"Jazz Festival","description":"","publisher":{"@id":"https:\/\/riverjazz.be\/#organization"},"potentialAction":[{"@type":"SearchAction","target":{"@type":"EntryPoint","urlTemplate":"https:\/\/riverjazz.be\/?s={search_term_string}"},"query-input":{"@type":"PropertyValueSpecification","valueRequired":true,"valueName":"search_term_string"}}],"inLanguage":"nl-NL"},{"@type":"Organization","@id":"https:\/\/riverjazz.be\/#organization","name":"Jazz Festival","url":"https:\/\/riverjazz.be\/","logo":{"@type":"ImageObject","inLanguage":"nl-NL","@id":"https:\/\/riverjazz.be\/#\/schema\/logo\/image\/","url":"https:\/\/riverjazz.be\/wp-content\/uploads\/2021\/02\/RIVER_Jazz_FESTIVAL_LOGO_transparent.png","contentUrl":"https:\/\/riverjazz.be\/wp-content\/uploads\/2021\/02\/RIVER_Jazz_FESTIVAL_LOGO_transparent.png","width":328,"height":328,"caption":"Festival River Jazz"},"image":{"@id":"https:\/\/riverjazz.be\/#\/schema\/logo\/image\/"}}]}},"_links":{"self":[{"href":"https:\/\/riverjazz.be\/nl\/wp-json\/wp\/v2\/pages\/1038","targetHints":{"allow":["GET"]}}],"collection":[{"href":"https:\/\/riverjazz.be\/nl\/wp-json\/wp\/v2\/pages"}],"about":[{"href":"https:\/\/riverjazz.be\/nl\/wp-json\/wp\/v2\/types\/page"}],"author":[{"embeddable":true,"href":"https:\/\/riverjazz.be\/nl\/wp-json\/wp\/v2\/users\/1"}],"replies":[{"embeddable":true,"href":"https:\/\/riverjazz.be\/nl\/wp-json\/wp\/v2\/comments?post=1038"}],"version-history":[{"count":0,"href":"https:\/\/riverjazz.be\/nl\/wp-json\/wp\/v2\/pages\/1038\/revisions"}],"wp:featuredmedia":[{"embeddable":true,"href":"https:\/\/riverjazz.be\/nl\/wp-json\/wp\/v2\/media\/5891"}],"wp:attachment":[{"href":"https:\/\/riverjazz.be\/nl\/wp-json\/wp\/v2\/media?parent=1038"}],"wp:term":[{"taxonomy":"category","embeddable":true,"href":"https:\/\/riverjazz.be\/nl\/wp-json\/wp\/v2\/categories?post=1038"},{"taxonomy":"post_tag","embeddable":true,"href":"https:\/\/riverjazz.be\/nl\/wp-json\/wp\/v2\/tags?post=1038"}],"curies":[{"name":"wp","href":"https:\/\/api.w.org\/{rel}","templated":true}]}}