{"id":1130,"date":"2021-02-12T15:22:48","date_gmt":"2021-02-12T14:22:48","guid":{"rendered":"https:\/\/demop.netbaz.be\/2021\/rija\/?page_id=1130"},"modified":"2023-09-06T15:17:58","modified_gmt":"2023-09-06T13:17:58","slug":"senghor","status":"publish","type":"page","link":"https:\/\/riverjazz.be\/nl\/senghor\/","title":{"rendered":"Senghor"},"content":{"rendered":"\t\t<div data-elementor-type=\"wp-page\" data-elementor-id=\"1130\" class=\"elementor elementor-1130\" data-elementor-post-type=\"page\">\n\t\t\t\t\t\t<section class=\"elementor-section elementor-top-section elementor-element elementor-element-6c0aae5 elementor-section-stretched elementor-section-content-middle elementor-section-boxed elementor-section-height-default elementor-section-height-default\" data-id=\"6c0aae5\" data-element_type=\"section\" data-e-type=\"section\" data-settings=\"{&quot;stretch_section&quot;:&quot;section-stretched&quot;,&quot;background_background&quot;:&quot;classic&quot;}\">\n\t\t\t\t\t\t<div class=\"elementor-container elementor-column-gap-default\">\n\t\t\t\t\t<div class=\"elementor-column elementor-col-50 elementor-top-column elementor-element elementor-element-7e5e4ca0\" data-id=\"7e5e4ca0\" data-element_type=\"column\" data-e-type=\"column\">\n\t\t\t<div class=\"elementor-widget-wrap elementor-element-populated\">\n\t\t\t\t\t\t<div class=\"elementor-element elementor-element-5660d88 elementor-widget__width-initial elementor-widget elementor-widget-image\" data-id=\"5660d88\" data-element_type=\"widget\" data-e-type=\"widget\" data-widget_type=\"image.default\">\n\t\t\t\t<div class=\"elementor-widget-container\">\n\t\t\t\t\t\t\t\t\t\t\t\t\t\t\t<img fetchpriority=\"high\" decoding=\"async\" width=\"435\" height=\"590\" src=\"https:\/\/riverjazz.be\/wp-content\/uploads\/2021\/10\/senghor.jpg\" class=\"attachment-large size-large wp-image-2507\" alt=\"\" srcset=\"https:\/\/riverjazz.be\/wp-content\/uploads\/2021\/10\/senghor.jpg 435w, https:\/\/riverjazz.be\/wp-content\/uploads\/2021\/10\/senghor-221x300.jpg 221w\" sizes=\"(max-width: 435px) 100vw, 435px\" \/>\t\t\t\t\t\t\t\t\t\t\t\t\t\t\t<\/div>\n\t\t\t\t<\/div>\n\t\t\t\t\t<\/div>\n\t\t<\/div>\n\t\t\t\t<div class=\"elementor-column elementor-col-50 elementor-top-column elementor-element elementor-element-5614f427\" data-id=\"5614f427\" data-element_type=\"column\" data-e-type=\"column\">\n\t\t\t<div class=\"elementor-widget-wrap elementor-element-populated\">\n\t\t\t\t\t\t<div class=\"elementor-element elementor-element-134cfa50 elementor-widget__width-auto elementor-absolute elementor-widget elementor-widget-image\" data-id=\"134cfa50\" data-element_type=\"widget\" data-e-type=\"widget\" data-settings=\"{&quot;motion_fx_motion_fx_scrolling&quot;:&quot;yes&quot;,&quot;motion_fx_translateY_effect&quot;:&quot;yes&quot;,&quot;_position&quot;:&quot;absolute&quot;,&quot;motion_fx_translateY_speed&quot;:{&quot;unit&quot;:&quot;px&quot;,&quot;size&quot;:4,&quot;sizes&quot;:[]},&quot;motion_fx_translateY_affectedRange&quot;:{&quot;unit&quot;:&quot;%&quot;,&quot;size&quot;:&quot;&quot;,&quot;sizes&quot;:{&quot;start&quot;:0,&quot;end&quot;:100}},&quot;motion_fx_devices&quot;:[&quot;desktop&quot;,&quot;tablet&quot;,&quot;mobile&quot;]}\" data-widget_type=\"image.default\">\n\t\t\t\t<div class=\"elementor-widget-container\">\n\t\t\t\t\t\t\t\t\t\t\t\t\t\t\t<img decoding=\"async\" width=\"800\" height=\"873\" src=\"https:\/\/riverjazz.be\/wp-content\/uploads\/2021\/08\/mongolfiere-2-1.svg\" class=\"attachment-large size-large wp-image-2051\" alt=\"\" \/>\t\t\t\t\t\t\t\t\t\t\t\t\t\t\t<\/div>\n\t\t\t\t<\/div>\n\t\t\t\t<div class=\"elementor-element elementor-element-310b3e3 elementor-widget elementor-widget-ucaddon_dual_color_heading\" data-id=\"310b3e3\" data-element_type=\"widget\" data-e-type=\"widget\" data-widget_type=\"ucaddon_dual_color_heading.default\">\n\t\t\t\t<div class=\"elementor-widget-container\">\n\t\t\t\t\t\n<!-- start Dual Color Heading -->\n\n<div style=\"text-align:left;\">\n  <h1>\n    <span class=\"ue-title-one\">Lieu<br\/><\/span> <span class=\"ue-title-two\">Le Senghor<\/span>\n  <\/h1>\n<\/div>\n<!-- end Dual Color Heading -->\t\t\t\t<\/div>\n\t\t\t\t<\/div>\n\t\t\t\t<div class=\"elementor-element elementor-element-18fc26d8 elementor-widget elementor-widget-text-editor\" data-id=\"18fc26d8\" data-element_type=\"widget\" data-e-type=\"widget\" data-settings=\"{&quot;_animation_mobile&quot;:&quot;none&quot;}\" data-widget_type=\"text-editor.default\">\n\t\t\t\t<div class=\"elementor-widget-container\">\n\t\t\t\t\t\t\t\t\t<p class=\"font_8\">Install\u00e9 dans un ancien cin\u00e9ma datant du d\u00e9but du 20\u00e8me si\u00e8cle, orn\u00e9 de vitraux, de stucs et de volutes de fer forg\u00e9, le Senghor est le centre culturel d&rsquo;Etterbeek.<br \/><br \/>Nich\u00e9 au c\u0153ur du quartier europ\u00e9en, le Senghor pr\u00e9sente une palette hybride d&rsquo;actions sociales et de programmes culturels, qui d\u00e9bouche sur une multiplicit\u00e9 d&rsquo;activit\u00e9s socio-artistiques. Ce centre culturel demeure un phare pour les musiques du monde et contemporaines.<\/p>\t\t\t\t\t\t\t\t<\/div>\n\t\t\t\t<\/div>\n\t\t\t\t\t<\/div>\n\t\t<\/div>\n\t\t\t\t\t<\/div>\n\t\t<\/section>\n\t\t\t\t<section class=\"elementor-section elementor-top-section elementor-element elementor-element-7684ca75 elementor-section-content-middle elementor-section-stretched elementor-section-boxed elementor-section-height-default elementor-section-height-default\" data-id=\"7684ca75\" data-element_type=\"section\" data-e-type=\"section\" data-settings=\"{&quot;background_background&quot;:&quot;classic&quot;,&quot;stretch_section&quot;:&quot;section-stretched&quot;}\">\n\t\t\t\t\t\t<div class=\"elementor-container elementor-column-gap-no\">\n\t\t\t\t\t<div class=\"elementor-column elementor-col-50 elementor-top-column elementor-element elementor-element-67062b73\" data-id=\"67062b73\" data-element_type=\"column\" data-e-type=\"column\">\n\t\t\t<div class=\"elementor-widget-wrap elementor-element-populated\">\n\t\t\t\t\t\t<div data-dce-title-color=\"#ffffff\" class=\"elementor-element elementor-element-27daf2c7 elementor-widget elementor-widget-heading\" data-id=\"27daf2c7\" data-element_type=\"widget\" data-e-type=\"widget\" data-widget_type=\"heading.default\">\n\t\t\t\t<div class=\"elementor-widget-container\">\n\t\t\t\t\t<h2 class=\"elementor-heading-title elementor-size-default\">Notre site internet<\/h2>\t\t\t\t<\/div>\n\t\t\t\t<\/div>\n\t\t\t\t\t<\/div>\n\t\t<\/div>\n\t\t\t\t<div class=\"elementor-column elementor-col-50 elementor-top-column elementor-element elementor-element-77bfc298\" data-id=\"77bfc298\" data-element_type=\"column\" data-e-type=\"column\">\n\t\t\t<div class=\"elementor-widget-wrap elementor-element-populated\">\n\t\t\t\t\t\t<div class=\"elementor-element elementor-element-a5d229c elementor-align-right elementor-invisible elementor-widget elementor-widget-button\" data-id=\"a5d229c\" data-element_type=\"widget\" data-e-type=\"widget\" data-settings=\"{&quot;_animation&quot;:&quot;fadeInRight&quot;}\" data-widget_type=\"button.default\">\n\t\t\t\t<div class=\"elementor-widget-container\">\n\t\t\t\t\t\t\t\t\t<div class=\"elementor-button-wrapper\">\n\t\t\t\t\t<a class=\"elementor-button elementor-button-link elementor-size-sm elementor-animation-grow\" href=\"https:\/\/www.senghor.be\" target=\"_blank\" rel=\"noopener noreferrer nofollow\">\n\t\t\t\t\t\t<span class=\"elementor-button-content-wrapper\">\n\t\t\t\t\t\t<span class=\"elementor-button-icon\">\n\t\t\t\t<i aria-hidden=\"true\" class=\"fas fa-arrow-right\"><\/i>\t\t\t<\/span>\n\t\t\t\t\t\t\t\t\t<span class=\"elementor-button-text\">Go<\/span>\n\t\t\t\t\t<\/span>\n\t\t\t\t\t<\/a>\n\t\t\t\t<\/div>\n\t\t\t\t\t\t\t\t<\/div>\n\t\t\t\t<\/div>\n\t\t\t\t\t<\/div>\n\t\t<\/div>\n\t\t\t\t\t<\/div>\n\t\t<\/section>\n\t\t\t\t<section class=\"elementor-section elementor-top-section elementor-element elementor-element-5d50d02e elementor-section-boxed elementor-section-height-default elementor-section-height-default\" data-id=\"5d50d02e\" data-element_type=\"section\" data-e-type=\"section\" data-settings=\"{&quot;background_background&quot;:&quot;classic&quot;}\">\n\t\t\t\t\t\t<div class=\"elementor-container elementor-column-gap-default\">\n\t\t\t\t\t<div class=\"elementor-column elementor-col-50 elementor-top-column elementor-element elementor-element-c98b73a\" data-id=\"c98b73a\" data-element_type=\"column\" data-e-type=\"column\">\n\t\t\t<div class=\"elementor-widget-wrap elementor-element-populated\">\n\t\t\t\t\t\t<div class=\"elementor-element elementor-element-a10b1cf elementor-widget elementor-widget-google_maps\" data-id=\"a10b1cf\" data-element_type=\"widget\" data-e-type=\"widget\" data-settings=\"{&quot;motion_fx_motion_fx_scrolling&quot;:&quot;yes&quot;,&quot;motion_fx_translateY_effect&quot;:&quot;yes&quot;,&quot;motion_fx_translateY_affectedRange&quot;:{&quot;unit&quot;:&quot;%&quot;,&quot;size&quot;:&quot;&quot;,&quot;sizes&quot;:{&quot;start&quot;:0,&quot;end&quot;:50}},&quot;motion_fx_translateY_speed&quot;:{&quot;unit&quot;:&quot;px&quot;,&quot;size&quot;:4,&quot;sizes&quot;:[]},&quot;motion_fx_devices&quot;:[&quot;desktop&quot;,&quot;tablet&quot;,&quot;mobile&quot;]}\" data-widget_type=\"google_maps.default\">\n\t\t\t\t<div class=\"elementor-widget-container\">\n\t\t\t\t\t\t\t<div class=\"elementor-custom-embed\">\n\t\t\t<iframe loading=\"lazy\"\n\t\t\t\t\tsrc=\"https:\/\/maps.google.com\/maps?q=Chauss%C3%A9e%20de%20Wavre%20366%201040%20Etterbeek&#038;t=m&#038;z=10&#038;output=embed&#038;iwloc=near\"\n\t\t\t\t\ttitle=\"Chauss\u00e9e de Wavre 366 1040 Etterbeek\"\n\t\t\t\t\taria-label=\"Chauss\u00e9e de Wavre 366 1040 Etterbeek\"\n\t\t\t><\/iframe>\n\t\t<\/div>\n\t\t\t\t\t\t<\/div>\n\t\t\t\t<\/div>\n\t\t\t\t\t<\/div>\n\t\t<\/div>\n\t\t\t\t<div class=\"elementor-column elementor-col-50 elementor-top-column elementor-element elementor-element-d3a2224\" data-id=\"d3a2224\" data-element_type=\"column\" data-e-type=\"column\">\n\t\t\t<div class=\"elementor-widget-wrap elementor-element-populated\">\n\t\t\t\t\t\t<div class=\"elementor-element elementor-element-a2cde5d elementor-widget elementor-widget-text-editor\" data-id=\"a2cde5d\" data-element_type=\"widget\" data-e-type=\"widget\" data-settings=\"{&quot;motion_fx_motion_fx_scrolling&quot;:&quot;yes&quot;,&quot;motion_fx_translateX_effect&quot;:&quot;yes&quot;,&quot;motion_fx_translateX_affectedRange&quot;:{&quot;unit&quot;:&quot;%&quot;,&quot;size&quot;:&quot;&quot;,&quot;sizes&quot;:{&quot;start&quot;:0,&quot;end&quot;:50}},&quot;motion_fx_translateX_direction&quot;:&quot;negative&quot;,&quot;motion_fx_translateX_speed&quot;:{&quot;unit&quot;:&quot;px&quot;,&quot;size&quot;:4,&quot;sizes&quot;:[]},&quot;motion_fx_devices&quot;:[&quot;desktop&quot;,&quot;tablet&quot;,&quot;mobile&quot;]}\" data-widget_type=\"text-editor.default\">\n\t\t\t\t<div class=\"elementor-widget-container\">\n\t\t\t\t\t\t\t\t\t<p class=\"font_8\"><span class=\"color_23\">Chauss\u00e9e de Wavre 366<br \/><\/span><span class=\"color_23\">1040 Etterbeek<\/span><\/p>\t\t\t\t\t\t\t\t<\/div>\n\t\t\t\t<\/div>\n\t\t\t\t\t<\/div>\n\t\t<\/div>\n\t\t\t\t\t<\/div>\n\t\t<\/section>\n\t\t\t\t<\/div>\n\t\t","protected":false},"excerpt":{"rendered":"<p>Lieu Install\u00e9 dans un ancien cin\u00e9ma datant du d\u00e9but du 20\u00e8me si\u00e8cle, orn\u00e9 de vitraux, de stucs et de volutes de fer forg\u00e9, le Senghor est le centre culturel d&rsquo;Etterbeek. Nich\u00e9 au c\u0153ur du quartier europ\u00e9en, le Senghor pr\u00e9sente une palette hybride d&rsquo;actions sociales et de programmes culturels, qui d\u00e9bouche sur une multiplicit\u00e9 d&rsquo;activit\u00e9s socio-artistiques. [&hellip;]<\/p>\n","protected":false},"author":1,"featured_media":2503,"parent":0,"menu_order":3,"comment_status":"closed","ping_status":"closed","template":"","meta":{"_acf_changed":false,"footnotes":""},"categories":[25],"tags":[],"class_list":["post-1130","page","type-page","status-publish","has-post-thumbnail","hentry","category-lieux"],"acf":[],"yoast_head":"<!-- This site is optimized with the Yoast SEO plugin v27.4 - https:\/\/yoast.com\/product\/yoast-seo-wordpress\/ -->\n<title>Le Senghor - Festival River Jazz<\/title>\n<meta name=\"robots\" content=\"index, follow, max-snippet:-1, max-image-preview:large, max-video-preview:-1\" \/>\n<link rel=\"canonical\" href=\"https:\/\/riverjazz.be\/nl\/senghor\/\" \/>\n<meta property=\"og:locale\" content=\"nl_NL\" \/>\n<meta property=\"og:type\" content=\"article\" \/>\n<meta property=\"og:title\" content=\"Le Senghor - Festival River Jazz\" \/>\n<meta property=\"og:description\" content=\"Lieu Install\u00e9 dans un ancien cin\u00e9ma datant du d\u00e9but du 20\u00e8me si\u00e8cle, orn\u00e9 de vitraux, de stucs et de volutes de fer forg\u00e9, le Senghor est le centre culturel d&rsquo;Etterbeek. Nich\u00e9 au c\u0153ur du quartier europ\u00e9en, le Senghor pr\u00e9sente une palette hybride d&rsquo;actions sociales et de programmes culturels, qui d\u00e9bouche sur une multiplicit\u00e9 d&rsquo;activit\u00e9s socio-artistiques. [&hellip;]\" \/>\n<meta property=\"og:url\" content=\"https:\/\/riverjazz.be\/nl\/senghor\/\" \/>\n<meta property=\"og:site_name\" content=\"Festival River Jazz\" \/>\n<meta property=\"article:modified_time\" content=\"2023-09-06T13:17:58+00:00\" \/>\n<meta property=\"og:image\" content=\"https:\/\/riverjazz.be\/wp-content\/uploads\/2021\/10\/salle-senghor.jpg\" \/>\n\t<meta property=\"og:image:width\" content=\"1500\" \/>\n\t<meta property=\"og:image:height\" content=\"1000\" \/>\n\t<meta property=\"og:image:type\" content=\"image\/jpeg\" \/>\n<meta name=\"twitter:card\" content=\"summary_large_image\" \/>\n<meta name=\"twitter:label1\" content=\"Geschatte leestijd\" \/>\n\t<meta name=\"twitter:data1\" content=\"1 minuut\" \/>\n<script type=\"application\/ld+json\" class=\"yoast-schema-graph\">{\"@context\":\"https:\\\/\\\/schema.org\",\"@graph\":[{\"@type\":\"WebPage\",\"@id\":\"https:\\\/\\\/riverjazz.be\\\/senghor\\\/\",\"url\":\"https:\\\/\\\/riverjazz.be\\\/senghor\\\/\",\"name\":\"Le Senghor - Festival River Jazz\",\"isPartOf\":{\"@id\":\"https:\\\/\\\/riverjazz.be\\\/#website\"},\"primaryImageOfPage\":{\"@id\":\"https:\\\/\\\/riverjazz.be\\\/senghor\\\/#primaryimage\"},\"image\":{\"@id\":\"https:\\\/\\\/riverjazz.be\\\/senghor\\\/#primaryimage\"},\"thumbnailUrl\":\"https:\\\/\\\/riverjazz.be\\\/wp-content\\\/uploads\\\/2021\\\/10\\\/salle-senghor.jpg\",\"datePublished\":\"2021-02-12T14:22:48+00:00\",\"dateModified\":\"2023-09-06T13:17:58+00:00\",\"breadcrumb\":{\"@id\":\"https:\\\/\\\/riverjazz.be\\\/senghor\\\/#breadcrumb\"},\"inLanguage\":\"nl-NL\",\"potentialAction\":[{\"@type\":\"ReadAction\",\"target\":[\"https:\\\/\\\/riverjazz.be\\\/senghor\\\/\"]}]},{\"@type\":\"ImageObject\",\"inLanguage\":\"nl-NL\",\"@id\":\"https:\\\/\\\/riverjazz.be\\\/senghor\\\/#primaryimage\",\"url\":\"https:\\\/\\\/riverjazz.be\\\/wp-content\\\/uploads\\\/2021\\\/10\\\/salle-senghor.jpg\",\"contentUrl\":\"https:\\\/\\\/riverjazz.be\\\/wp-content\\\/uploads\\\/2021\\\/10\\\/salle-senghor.jpg\",\"width\":1500,\"height\":1000},{\"@type\":\"BreadcrumbList\",\"@id\":\"https:\\\/\\\/riverjazz.be\\\/senghor\\\/#breadcrumb\",\"itemListElement\":[{\"@type\":\"ListItem\",\"position\":1,\"name\":\"Home\",\"item\":\"https:\\\/\\\/riverjazz.be\\\/\"},{\"@type\":\"ListItem\",\"position\":2,\"name\":\"Le Senghor\"}]},{\"@type\":\"WebSite\",\"@id\":\"https:\\\/\\\/riverjazz.be\\\/#website\",\"url\":\"https:\\\/\\\/riverjazz.be\\\/\",\"name\":\"Festival River Jazz\",\"description\":\"\",\"publisher\":{\"@id\":\"https:\\\/\\\/riverjazz.be\\\/#organization\"},\"potentialAction\":[{\"@type\":\"SearchAction\",\"target\":{\"@type\":\"EntryPoint\",\"urlTemplate\":\"https:\\\/\\\/riverjazz.be\\\/?s={search_term_string}\"},\"query-input\":{\"@type\":\"PropertyValueSpecification\",\"valueRequired\":true,\"valueName\":\"search_term_string\"}}],\"inLanguage\":\"nl-NL\"},{\"@type\":\"Organization\",\"@id\":\"https:\\\/\\\/riverjazz.be\\\/#organization\",\"name\":\"Festival River Jazz\",\"url\":\"https:\\\/\\\/riverjazz.be\\\/\",\"logo\":{\"@type\":\"ImageObject\",\"inLanguage\":\"nl-NL\",\"@id\":\"https:\\\/\\\/riverjazz.be\\\/#\\\/schema\\\/logo\\\/image\\\/\",\"url\":\"https:\\\/\\\/riverjazz.be\\\/wp-content\\\/uploads\\\/2021\\\/02\\\/RIVER_Jazz_FESTIVAL_LOGO_transparent.png\",\"contentUrl\":\"https:\\\/\\\/riverjazz.be\\\/wp-content\\\/uploads\\\/2021\\\/02\\\/RIVER_Jazz_FESTIVAL_LOGO_transparent.png\",\"width\":328,\"height\":328,\"caption\":\"Festival River Jazz\"},\"image\":{\"@id\":\"https:\\\/\\\/riverjazz.be\\\/#\\\/schema\\\/logo\\\/image\\\/\"}}]}<\/script>\n<!-- \/ Yoast SEO plugin. -->","yoast_head_json":{"title":"Le Senghor - Festival River Jazz","robots":{"index":"index","follow":"follow","max-snippet":"max-snippet:-1","max-image-preview":"max-image-preview:large","max-video-preview":"max-video-preview:-1"},"canonical":"https:\/\/riverjazz.be\/nl\/senghor\/","og_locale":"nl_NL","og_type":"article","og_title":"Le Senghor - Festival River Jazz","og_description":"Lieu Install\u00e9 dans un ancien cin\u00e9ma datant du d\u00e9but du 20\u00e8me si\u00e8cle, orn\u00e9 de vitraux, de stucs et de volutes de fer forg\u00e9, le Senghor est le centre culturel d&rsquo;Etterbeek. Nich\u00e9 au c\u0153ur du quartier europ\u00e9en, le Senghor pr\u00e9sente une palette hybride d&rsquo;actions sociales et de programmes culturels, qui d\u00e9bouche sur une multiplicit\u00e9 d&rsquo;activit\u00e9s socio-artistiques. [&hellip;]","og_url":"https:\/\/riverjazz.be\/nl\/senghor\/","og_site_name":"Festival River Jazz","article_modified_time":"2023-09-06T13:17:58+00:00","og_image":[{"width":1500,"height":1000,"url":"https:\/\/riverjazz.be\/wp-content\/uploads\/2021\/10\/salle-senghor.jpg","type":"image\/jpeg"}],"twitter_card":"summary_large_image","twitter_misc":{"Geschatte leestijd":"1 minuut"},"schema":{"@context":"https:\/\/schema.org","@graph":[{"@type":"WebPage","@id":"https:\/\/riverjazz.be\/senghor\/","url":"https:\/\/riverjazz.be\/senghor\/","name":"Le Senghor - Festival River Jazz","isPartOf":{"@id":"https:\/\/riverjazz.be\/#website"},"primaryImageOfPage":{"@id":"https:\/\/riverjazz.be\/senghor\/#primaryimage"},"image":{"@id":"https:\/\/riverjazz.be\/senghor\/#primaryimage"},"thumbnailUrl":"https:\/\/riverjazz.be\/wp-content\/uploads\/2021\/10\/salle-senghor.jpg","datePublished":"2021-02-12T14:22:48+00:00","dateModified":"2023-09-06T13:17:58+00:00","breadcrumb":{"@id":"https:\/\/riverjazz.be\/senghor\/#breadcrumb"},"inLanguage":"nl-NL","potentialAction":[{"@type":"ReadAction","target":["https:\/\/riverjazz.be\/senghor\/"]}]},{"@type":"ImageObject","inLanguage":"nl-NL","@id":"https:\/\/riverjazz.be\/senghor\/#primaryimage","url":"https:\/\/riverjazz.be\/wp-content\/uploads\/2021\/10\/salle-senghor.jpg","contentUrl":"https:\/\/riverjazz.be\/wp-content\/uploads\/2021\/10\/salle-senghor.jpg","width":1500,"height":1000},{"@type":"BreadcrumbList","@id":"https:\/\/riverjazz.be\/senghor\/#breadcrumb","itemListElement":[{"@type":"ListItem","position":1,"name":"Home","item":"https:\/\/riverjazz.be\/"},{"@type":"ListItem","position":2,"name":"Le Senghor"}]},{"@type":"WebSite","@id":"https:\/\/riverjazz.be\/#website","url":"https:\/\/riverjazz.be\/","name":"Jazz Festival","description":"","publisher":{"@id":"https:\/\/riverjazz.be\/#organization"},"potentialAction":[{"@type":"SearchAction","target":{"@type":"EntryPoint","urlTemplate":"https:\/\/riverjazz.be\/?s={search_term_string}"},"query-input":{"@type":"PropertyValueSpecification","valueRequired":true,"valueName":"search_term_string"}}],"inLanguage":"nl-NL"},{"@type":"Organization","@id":"https:\/\/riverjazz.be\/#organization","name":"Jazz Festival","url":"https:\/\/riverjazz.be\/","logo":{"@type":"ImageObject","inLanguage":"nl-NL","@id":"https:\/\/riverjazz.be\/#\/schema\/logo\/image\/","url":"https:\/\/riverjazz.be\/wp-content\/uploads\/2021\/02\/RIVER_Jazz_FESTIVAL_LOGO_transparent.png","contentUrl":"https:\/\/riverjazz.be\/wp-content\/uploads\/2021\/02\/RIVER_Jazz_FESTIVAL_LOGO_transparent.png","width":328,"height":328,"caption":"Festival River Jazz"},"image":{"@id":"https:\/\/riverjazz.be\/#\/schema\/logo\/image\/"}}]}},"_links":{"self":[{"href":"https:\/\/riverjazz.be\/nl\/wp-json\/wp\/v2\/pages\/1130","targetHints":{"allow":["GET"]}}],"collection":[{"href":"https:\/\/riverjazz.be\/nl\/wp-json\/wp\/v2\/pages"}],"about":[{"href":"https:\/\/riverjazz.be\/nl\/wp-json\/wp\/v2\/types\/page"}],"author":[{"embeddable":true,"href":"https:\/\/riverjazz.be\/nl\/wp-json\/wp\/v2\/users\/1"}],"replies":[{"embeddable":true,"href":"https:\/\/riverjazz.be\/nl\/wp-json\/wp\/v2\/comments?post=1130"}],"version-history":[{"count":0,"href":"https:\/\/riverjazz.be\/nl\/wp-json\/wp\/v2\/pages\/1130\/revisions"}],"wp:featuredmedia":[{"embeddable":true,"href":"https:\/\/riverjazz.be\/nl\/wp-json\/wp\/v2\/media\/2503"}],"wp:attachment":[{"href":"https:\/\/riverjazz.be\/nl\/wp-json\/wp\/v2\/media?parent=1130"}],"wp:term":[{"taxonomy":"category","embeddable":true,"href":"https:\/\/riverjazz.be\/nl\/wp-json\/wp\/v2\/categories?post=1130"},{"taxonomy":"post_tag","embeddable":true,"href":"https:\/\/riverjazz.be\/nl\/wp-json\/wp\/v2\/tags?post=1130"}],"curies":[{"name":"wp","href":"https:\/\/api.w.org\/{rel}","templated":true}]}}