{"id":1900,"date":"2021-07-14T12:17:52","date_gmt":"2021-07-14T10:17:52","guid":{"rendered":"https:\/\/demop.netbaz.be\/2021\/rija\/?page_id=1900"},"modified":"2024-12-11T11:33:41","modified_gmt":"2024-12-11T10:33:41","slug":"editions-precedentes","status":"publish","type":"page","link":"https:\/\/riverjazz.be\/nl\/editions-precedentes\/","title":{"rendered":"Vorige edities"},"content":{"rendered":"<div data-elementor-type=\"wp-page\" data-elementor-id=\"1900\" class=\"elementor elementor-1900\" data-elementor-post-type=\"page\">\n\t\t\t\t<div class=\"elementor-element elementor-element-19a62959 e-flex e-con-boxed e-con e-parent\" data-id=\"19a62959\" data-element_type=\"container\" data-e-type=\"container\">\n\t\t\t\t\t<div class=\"e-con-inner\">\n\t\t\t\t<div class=\"elementor-element elementor-element-33043483 elementor-widget elementor-widget-text-editor\" data-id=\"33043483\" data-element_type=\"widget\" data-e-type=\"widget\" data-widget_type=\"text-editor.default\">\n\t\t\t\t<div class=\"elementor-widget-container\">\n\t\t\t\t\t\t\t\t\t\n<h2 class=\"wp-block-heading\">Video's van River Jazz<\/h2>\n\n<figure class=\"wp-block-embed is-type-video is-provider-youtube wp-block-embed-youtube wp-embed-aspect-4-3 wp-has-aspect-ratio\">\n<div class=\"wp-block-embed__wrapper\">https:\/\/www.youtube.com\/watch?v=5AXWUqOiuFM&amp;ab_channel=RiverJazzFestival<\/div>\n<\/figure>\n\n<figure class=\"wp-block-embed is-type-video is-provider-youtube wp-block-embed-youtube wp-embed-aspect-16-9 wp-has-aspect-ratio\">\n<div class=\"wp-block-embed__wrapper\">https:\/\/www.youtube.com\/watch?v=jd4sIoIr1gc&amp;list=PL26fnGIPN-kWfSxWu55W1m-AH1fN2w7gW<\/div>\n<\/figure>\n\n<figure class=\"wp-block-embed is-type-video is-provider-youtube wp-block-embed-youtube wp-embed-aspect-16-9 wp-has-aspect-ratio\">\n<div class=\"wp-block-embed__wrapper\">https:\/\/www.youtube.com\/watch?v=ZQW9pGCJ2fc<\/div>\n<\/figure>\n\n<div class=\"wp-block-columns is-layout-flex wp-container-core-columns-is-layout-28f84493 wp-block-columns-is-layout-flex\">\n<div class=\"wp-block-column is-layout-flow wp-block-column-is-layout-flow\">\n<figure class=\"wp-block-image size-large\"><a href=\"https:\/\/demop.netbaz.be\/2021\/rija\/wp-content\/uploads\/2021\/07\/82d1bc_04d5825357ff4dd4b05662452cbc12e4.pdf\" target=\"_blank\" rel=\"noopener noreferrer nofollow\"><img fetchpriority=\"high\" decoding=\"async\" width=\"622\" height=\"878\" class=\"wp-image-1903\" src=\"https:\/\/demop.netbaz.be\/2021\/rija\/wp-content\/uploads\/2021\/07\/82d1bc_95c9ae43db6f41d6b004d1879c49a8cc_mv2_d_1200_1703_s_2.jpg\" alt=\"\" srcset=\"https:\/\/riverjazz.be\/wp-content\/uploads\/2021\/07\/82d1bc_95c9ae43db6f41d6b004d1879c49a8cc_mv2_d_1200_1703_s_2.jpg 622w, https:\/\/riverjazz.be\/wp-content\/uploads\/2021\/07\/82d1bc_95c9ae43db6f41d6b004d1879c49a8cc_mv2_d_1200_1703_s_2-213x300.jpg 213w\" sizes=\"(max-width: 622px) 100vw, 622px\" \/><\/a>https:\/\/www.youtube.com\/watch?v=75ntdbMd9MM<\/figure>\n<\/div>\n\n<div class=\"wp-block-column is-layout-flow wp-block-column-is-layout-flow\">\n<figure class=\"wp-block-image size-large\"><a href=\"https:\/\/demop.netbaz.be\/2021\/rija\/wp-content\/uploads\/2021\/07\/82d1bc_543de639b0754b8f855d18e86c3a1ed9.pdf\" target=\"_blank\" rel=\"noopener noreferrer nofollow\"><img decoding=\"async\" width=\"620\" height=\"878\" class=\"wp-image-1904\" src=\"https:\/\/demop.netbaz.be\/2021\/rija\/wp-content\/uploads\/2021\/07\/82d1bc_74c000cab4404e11b2208a74b428a4bd_mv2.jpg\" alt=\"\" srcset=\"https:\/\/riverjazz.be\/wp-content\/uploads\/2021\/07\/82d1bc_74c000cab4404e11b2208a74b428a4bd_mv2.jpg 620w, https:\/\/riverjazz.be\/wp-content\/uploads\/2021\/07\/82d1bc_74c000cab4404e11b2208a74b428a4bd_mv2-212x300.jpg 212w\" sizes=\"(max-width: 620px) 100vw, 620px\" \/><\/a><\/figure>\n<\/div>\n\n<div class=\"wp-block-column is-layout-flow wp-block-column-is-layout-flow\">\n<figure class=\"wp-block-image size-large\"><a href=\"https:\/\/riverjazz.be\/wp-content\/uploads\/2021\/10\/Brochure-river-2017.pdf\" target=\"_blank\" rel=\"noopener noreferrer nofollow\"><img decoding=\"async\" width=\"628\" height=\"892\" class=\"wp-image-1902\" src=\"https:\/\/demop.netbaz.be\/2021\/rija\/wp-content\/uploads\/2021\/07\/82d1bc_d57c5ea2a6cb4fe19030fe64154db320_mv2.jpg\" alt=\"\" srcset=\"https:\/\/riverjazz.be\/wp-content\/uploads\/2021\/07\/82d1bc_d57c5ea2a6cb4fe19030fe64154db320_mv2.jpg 628w, https:\/\/riverjazz.be\/wp-content\/uploads\/2021\/07\/82d1bc_d57c5ea2a6cb4fe19030fe64154db320_mv2-211x300.jpg 211w\" sizes=\"(max-width: 628px) 100vw, 628px\" \/><\/a><\/figure>\n<\/div>\n<\/div>\n\n<div class=\"wp-block-columns is-layout-flex wp-container-core-columns-is-layout-28f84493 wp-block-columns-is-layout-flex\">\n<div class=\"wp-block-column is-layout-flow wp-block-column-is-layout-flow\">\u00a0<\/div>\n\n<div class=\"wp-block-column is-layout-flow wp-block-column-is-layout-flow\">\n<figure class=\"wp-block-image size-large\"><a href=\"https:\/\/riverjazz.be\/wp-content\/uploads\/2021\/10\/Brochure-river-2016.pdf\" target=\"_blank\" rel=\"noopener noreferrer nofollow\"><img loading=\"lazy\" decoding=\"async\" width=\"634\" height=\"888\" class=\"wp-image-1905\" src=\"https:\/\/demop.netbaz.be\/2021\/rija\/wp-content\/uploads\/2021\/07\/82d1bc_87b657fec43d43be82989b4b2049daf5.jpg\" alt=\"\" srcset=\"https:\/\/riverjazz.be\/wp-content\/uploads\/2021\/07\/82d1bc_87b657fec43d43be82989b4b2049daf5.jpg 634w, https:\/\/riverjazz.be\/wp-content\/uploads\/2021\/07\/82d1bc_87b657fec43d43be82989b4b2049daf5-214x300.jpg 214w\" sizes=\"(max-width: 634px) 100vw, 634px\" \/><\/a><\/figure>\n<\/div>\n\n<div class=\"wp-block-column is-layout-flow wp-block-column-is-layout-flow\">\n<figure class=\"wp-block-image size-large\"><a href=\"https:\/\/riverjazz.be\/wp-content\/uploads\/2021\/10\/Brochure-river-2015.pdf\" target=\"_blank\" rel=\"noopener noreferrer nofollow\"><img loading=\"lazy\" decoding=\"async\" width=\"600\" height=\"851\" class=\"wp-image-1906\" src=\"https:\/\/demop.netbaz.be\/2021\/rija\/wp-content\/uploads\/2021\/07\/82d1bc_b2311978d9f747cda11041b36ed0854f.jpg\" alt=\"\" srcset=\"https:\/\/riverjazz.be\/wp-content\/uploads\/2021\/07\/82d1bc_b2311978d9f747cda11041b36ed0854f.jpg 600w, https:\/\/riverjazz.be\/wp-content\/uploads\/2021\/07\/82d1bc_b2311978d9f747cda11041b36ed0854f-212x300.jpg 212w\" sizes=\"(max-width: 600px) 100vw, 600px\" \/><\/a><\/figure>\n<\/div>\n<\/div>\n\t\t\t\t\t\t\t\t<\/div>\n\t\t\t\t<\/div>\n\t\t\t\t\t<\/div>\n\t\t\t\t<\/div>\n\t\t\t\t<\/div>","protected":false},"excerpt":{"rendered":"<p>Video's van River Jazz \u00a0<\/p>","protected":false},"author":1,"featured_media":0,"parent":0,"menu_order":4,"comment_status":"closed","ping_status":"closed","template":"","meta":{"_acf_changed":false,"footnotes":""},"categories":[],"tags":[],"class_list":["post-1900","page","type-page","status-publish","hentry"],"acf":[],"yoast_head":"<!-- This site is optimized with the Yoast SEO plugin v27.3 - https:\/\/yoast.com\/product\/yoast-seo-wordpress\/ -->\n<title>Editions pr\u00e9c\u00e9dentes - Festival River Jazz<\/title>\n<meta name=\"robots\" content=\"index, follow, max-snippet:-1, max-image-preview:large, max-video-preview:-1\" \/>\n<link rel=\"canonical\" href=\"https:\/\/riverjazz.be\/nl\/editions-precedentes\/\" \/>\n<meta property=\"og:locale\" content=\"nl_NL\" \/>\n<meta property=\"og:type\" content=\"article\" \/>\n<meta property=\"og:title\" content=\"Editions pr\u00e9c\u00e9dentes - Festival River Jazz\" \/>\n<meta property=\"og:description\" content=\"River Jazz en vid\u00e9os \u00a0\" \/>\n<meta property=\"og:url\" content=\"https:\/\/riverjazz.be\/nl\/editions-precedentes\/\" \/>\n<meta property=\"og:site_name\" content=\"Festival River Jazz\" \/>\n<meta property=\"article:modified_time\" content=\"2024-12-11T10:33:41+00:00\" \/>\n<meta property=\"og:image\" content=\"https:\/\/riverjazz.be\/wp-content\/uploads\/2021\/07\/82d1bc_95c9ae43db6f41d6b004d1879c49a8cc_mv2_d_1200_1703_s_2.jpg\" \/>\n\t<meta property=\"og:image:width\" content=\"622\" \/>\n\t<meta property=\"og:image:height\" content=\"878\" \/>\n\t<meta property=\"og:image:type\" content=\"image\/jpeg\" \/>\n<meta name=\"twitter:card\" content=\"summary_large_image\" \/>\n<meta name=\"twitter:label1\" content=\"Geschatte leestijd\" \/>\n\t<meta name=\"twitter:data1\" content=\"2 minuten\" \/>\n<script type=\"application\/ld+json\" class=\"yoast-schema-graph\">{\"@context\":\"https:\\\/\\\/schema.org\",\"@graph\":[{\"@type\":\"WebPage\",\"@id\":\"https:\\\/\\\/riverjazz.be\\\/editions-precedentes\\\/\",\"url\":\"https:\\\/\\\/riverjazz.be\\\/editions-precedentes\\\/\",\"name\":\"Editions pr\u00e9c\u00e9dentes - Festival River Jazz\",\"isPartOf\":{\"@id\":\"https:\\\/\\\/riverjazz.be\\\/#website\"},\"primaryImageOfPage\":{\"@id\":\"https:\\\/\\\/riverjazz.be\\\/editions-precedentes\\\/#primaryimage\"},\"image\":{\"@id\":\"https:\\\/\\\/riverjazz.be\\\/editions-precedentes\\\/#primaryimage\"},\"thumbnailUrl\":\"https:\\\/\\\/demop.netbaz.be\\\/2021\\\/rija\\\/wp-content\\\/uploads\\\/2021\\\/07\\\/82d1bc_95c9ae43db6f41d6b004d1879c49a8cc_mv2_d_1200_1703_s_2.jpg\",\"datePublished\":\"2021-07-14T10:17:52+00:00\",\"dateModified\":\"2024-12-11T10:33:41+00:00\",\"breadcrumb\":{\"@id\":\"https:\\\/\\\/riverjazz.be\\\/editions-precedentes\\\/#breadcrumb\"},\"inLanguage\":\"nl-NL\",\"potentialAction\":[{\"@type\":\"ReadAction\",\"target\":[\"https:\\\/\\\/riverjazz.be\\\/editions-precedentes\\\/\"]}]},{\"@type\":\"ImageObject\",\"inLanguage\":\"nl-NL\",\"@id\":\"https:\\\/\\\/riverjazz.be\\\/editions-precedentes\\\/#primaryimage\",\"url\":\"https:\\\/\\\/demop.netbaz.be\\\/2021\\\/rija\\\/wp-content\\\/uploads\\\/2021\\\/07\\\/82d1bc_95c9ae43db6f41d6b004d1879c49a8cc_mv2_d_1200_1703_s_2.jpg\",\"contentUrl\":\"https:\\\/\\\/demop.netbaz.be\\\/2021\\\/rija\\\/wp-content\\\/uploads\\\/2021\\\/07\\\/82d1bc_95c9ae43db6f41d6b004d1879c49a8cc_mv2_d_1200_1703_s_2.jpg\"},{\"@type\":\"BreadcrumbList\",\"@id\":\"https:\\\/\\\/riverjazz.be\\\/editions-precedentes\\\/#breadcrumb\",\"itemListElement\":[{\"@type\":\"ListItem\",\"position\":1,\"name\":\"Home\",\"item\":\"https:\\\/\\\/riverjazz.be\\\/\"},{\"@type\":\"ListItem\",\"position\":2,\"name\":\"Editions pr\u00e9c\u00e9dentes\"}]},{\"@type\":\"WebSite\",\"@id\":\"https:\\\/\\\/riverjazz.be\\\/#website\",\"url\":\"https:\\\/\\\/riverjazz.be\\\/\",\"name\":\"Festival River Jazz\",\"description\":\"\",\"publisher\":{\"@id\":\"https:\\\/\\\/riverjazz.be\\\/#organization\"},\"potentialAction\":[{\"@type\":\"SearchAction\",\"target\":{\"@type\":\"EntryPoint\",\"urlTemplate\":\"https:\\\/\\\/riverjazz.be\\\/?s={search_term_string}\"},\"query-input\":{\"@type\":\"PropertyValueSpecification\",\"valueRequired\":true,\"valueName\":\"search_term_string\"}}],\"inLanguage\":\"nl-NL\"},{\"@type\":\"Organization\",\"@id\":\"https:\\\/\\\/riverjazz.be\\\/#organization\",\"name\":\"Festival River Jazz\",\"url\":\"https:\\\/\\\/riverjazz.be\\\/\",\"logo\":{\"@type\":\"ImageObject\",\"inLanguage\":\"nl-NL\",\"@id\":\"https:\\\/\\\/riverjazz.be\\\/#\\\/schema\\\/logo\\\/image\\\/\",\"url\":\"https:\\\/\\\/riverjazz.be\\\/wp-content\\\/uploads\\\/2021\\\/02\\\/RIVER_Jazz_FESTIVAL_LOGO_transparent.png\",\"contentUrl\":\"https:\\\/\\\/riverjazz.be\\\/wp-content\\\/uploads\\\/2021\\\/02\\\/RIVER_Jazz_FESTIVAL_LOGO_transparent.png\",\"width\":328,\"height\":328,\"caption\":\"Festival River Jazz\"},\"image\":{\"@id\":\"https:\\\/\\\/riverjazz.be\\\/#\\\/schema\\\/logo\\\/image\\\/\"}}]}<\/script>\n<!-- \/ Yoast SEO plugin. -->","yoast_head_json":{"title":"Editions pr\u00e9c\u00e9dentes - Festival River Jazz","robots":{"index":"index","follow":"follow","max-snippet":"max-snippet:-1","max-image-preview":"max-image-preview:large","max-video-preview":"max-video-preview:-1"},"canonical":"https:\/\/riverjazz.be\/nl\/editions-precedentes\/","og_locale":"nl_NL","og_type":"article","og_title":"Editions pr\u00e9c\u00e9dentes - Festival River Jazz","og_description":"River Jazz en vid\u00e9os \u00a0","og_url":"https:\/\/riverjazz.be\/nl\/editions-precedentes\/","og_site_name":"Festival River Jazz","article_modified_time":"2024-12-11T10:33:41+00:00","og_image":[{"width":622,"height":878,"url":"https:\/\/riverjazz.be\/wp-content\/uploads\/2021\/07\/82d1bc_95c9ae43db6f41d6b004d1879c49a8cc_mv2_d_1200_1703_s_2.jpg","type":"image\/jpeg"}],"twitter_card":"summary_large_image","twitter_misc":{"Geschatte leestijd":"2 minuten"},"schema":{"@context":"https:\/\/schema.org","@graph":[{"@type":"WebPage","@id":"https:\/\/riverjazz.be\/editions-precedentes\/","url":"https:\/\/riverjazz.be\/editions-precedentes\/","name":"Editions pr\u00e9c\u00e9dentes - Festival River Jazz","isPartOf":{"@id":"https:\/\/riverjazz.be\/#website"},"primaryImageOfPage":{"@id":"https:\/\/riverjazz.be\/editions-precedentes\/#primaryimage"},"image":{"@id":"https:\/\/riverjazz.be\/editions-precedentes\/#primaryimage"},"thumbnailUrl":"https:\/\/demop.netbaz.be\/2021\/rija\/wp-content\/uploads\/2021\/07\/82d1bc_95c9ae43db6f41d6b004d1879c49a8cc_mv2_d_1200_1703_s_2.jpg","datePublished":"2021-07-14T10:17:52+00:00","dateModified":"2024-12-11T10:33:41+00:00","breadcrumb":{"@id":"https:\/\/riverjazz.be\/editions-precedentes\/#breadcrumb"},"inLanguage":"nl-NL","potentialAction":[{"@type":"ReadAction","target":["https:\/\/riverjazz.be\/editions-precedentes\/"]}]},{"@type":"ImageObject","inLanguage":"nl-NL","@id":"https:\/\/riverjazz.be\/editions-precedentes\/#primaryimage","url":"https:\/\/demop.netbaz.be\/2021\/rija\/wp-content\/uploads\/2021\/07\/82d1bc_95c9ae43db6f41d6b004d1879c49a8cc_mv2_d_1200_1703_s_2.jpg","contentUrl":"https:\/\/demop.netbaz.be\/2021\/rija\/wp-content\/uploads\/2021\/07\/82d1bc_95c9ae43db6f41d6b004d1879c49a8cc_mv2_d_1200_1703_s_2.jpg"},{"@type":"BreadcrumbList","@id":"https:\/\/riverjazz.be\/editions-precedentes\/#breadcrumb","itemListElement":[{"@type":"ListItem","position":1,"name":"Home","item":"https:\/\/riverjazz.be\/"},{"@type":"ListItem","position":2,"name":"Editions pr\u00e9c\u00e9dentes"}]},{"@type":"WebSite","@id":"https:\/\/riverjazz.be\/#website","url":"https:\/\/riverjazz.be\/","name":"Jazz Festival","description":"","publisher":{"@id":"https:\/\/riverjazz.be\/#organization"},"potentialAction":[{"@type":"SearchAction","target":{"@type":"EntryPoint","urlTemplate":"https:\/\/riverjazz.be\/?s={search_term_string}"},"query-input":{"@type":"PropertyValueSpecification","valueRequired":true,"valueName":"search_term_string"}}],"inLanguage":"nl-NL"},{"@type":"Organization","@id":"https:\/\/riverjazz.be\/#organization","name":"Jazz Festival","url":"https:\/\/riverjazz.be\/","logo":{"@type":"ImageObject","inLanguage":"nl-NL","@id":"https:\/\/riverjazz.be\/#\/schema\/logo\/image\/","url":"https:\/\/riverjazz.be\/wp-content\/uploads\/2021\/02\/RIVER_Jazz_FESTIVAL_LOGO_transparent.png","contentUrl":"https:\/\/riverjazz.be\/wp-content\/uploads\/2021\/02\/RIVER_Jazz_FESTIVAL_LOGO_transparent.png","width":328,"height":328,"caption":"Festival River Jazz"},"image":{"@id":"https:\/\/riverjazz.be\/#\/schema\/logo\/image\/"}}]}},"_links":{"self":[{"href":"https:\/\/riverjazz.be\/nl\/wp-json\/wp\/v2\/pages\/1900","targetHints":{"allow":["GET"]}}],"collection":[{"href":"https:\/\/riverjazz.be\/nl\/wp-json\/wp\/v2\/pages"}],"about":[{"href":"https:\/\/riverjazz.be\/nl\/wp-json\/wp\/v2\/types\/page"}],"author":[{"embeddable":true,"href":"https:\/\/riverjazz.be\/nl\/wp-json\/wp\/v2\/users\/1"}],"replies":[{"embeddable":true,"href":"https:\/\/riverjazz.be\/nl\/wp-json\/wp\/v2\/comments?post=1900"}],"version-history":[{"count":0,"href":"https:\/\/riverjazz.be\/nl\/wp-json\/wp\/v2\/pages\/1900\/revisions"}],"wp:attachment":[{"href":"https:\/\/riverjazz.be\/nl\/wp-json\/wp\/v2\/media?parent=1900"}],"wp:term":[{"taxonomy":"category","embeddable":true,"href":"https:\/\/riverjazz.be\/nl\/wp-json\/wp\/v2\/categories?post=1900"},{"taxonomy":"post_tag","embeddable":true,"href":"https:\/\/riverjazz.be\/nl\/wp-json\/wp\/v2\/tags?post=1900"}],"curies":[{"name":"wp","href":"https:\/\/api.w.org\/{rel}","templated":true}]}}